{"id":1335,"date":"2024-10-06T23:03:24","date_gmt":"2024-10-06T21:03:24","guid":{"rendered":"https:\/\/ewaiwa.ch.pw.edu.pl\/?page_id=1335"},"modified":"2026-04-13T22:10:42","modified_gmt":"2026-04-13T20:10:42","slug":"diploma-students-and-research-assistants","status":"publish","type":"page","link":"https:\/\/ewaiwa.ch.pw.edu.pl\/index.php\/diploma-students-and-research-assistants\/","title":{"rendered":"Diploma Students and Research Assistants"},"content":{"rendered":"\n<div class=\"wp-block-media-text has-media-on-the-right is-stacked-on-mobile\" style=\"grid-template-columns:auto 17%\"><div class=\"wp-block-media-text__content\">\n<p class=\"has-normal-font-size\">STUDENTS<br>Warsaw University of Technology<br><br>2026<br><strong>Eng. Monika Datko<\/strong><br><em><span style=\"text-decoration: underline;\">Master&#8217;s Thesis title:<\/span><\/em> <br>Study of the influence of dopant ions on the acid-base properties of the obtained alumina supports<br>(Badanie wp\u0142ywu domieszek obcych jon\u00f3w wprowadzonych do tlenku glinu na w\u0142a\u015bciwo\u015bci kwasowo-zasadowe otrzymanych no\u015bnik\u00f3w )<br><br><strong>Alexander Mussmann<\/strong><br><em><span style=\"text-decoration: underline;\">Bachelor&#8217;s Thesis title:<\/span><\/em> <br>Optimization of the support composition and gold application method on the catalyst activity in catalytic transfer hydrogenation<br>(Optymalizacja sk\u0142adu no\u015bnika i sposobu nak\u0142adania z\u0142ota na aktywno\u015b\u0107 katalizatora w przeniesieniu wodoru)<br><br>2025<br><strong>Eng. Aleksandra Go\u017adzik<\/strong><br><em><span style=\"text-decoration: underline;\">Master&#8217;s Thesis title:<\/span><\/em> <br>Studies of the interactions of Ag with oxide supports containing Al<sup>3+<\/sup> ions in soot combustion catalysts<br>(Badanie oddzia\u0142ywa\u0144 Ag z no\u015bnikiem tlenkowym zawieraj\u0105cym jony Al<sup>3+<\/sup> w katalizatorach do spalania sadzy)<br><br><strong>Magdalena Laszczewska<\/strong><br><em><span style=\"text-decoration: underline;\">Bachelor&#8217;s Thesis title:<\/span><\/em><br>Investigation of the type of dopant in catalytic systems of the Ce<sub>1-x<\/sub>M<sub>x<\/sub>O<sub>2-\u03b4<\/sub> (M\u00a0=\u00a0Sr<sup>2+<\/sup>, Al<sup>3+<\/sup>, Zr<sup>4+<\/sup>) type on the activity in soot combustion<br>(Zbadanie wp\u0142ywu typu domieszki w uk\u0142adzie <br>Ce<sub>1-x<\/sub>M<sub>x<\/sub>O<sub>2-\u03b4<\/sub> (M\u00a0=\u00a0Sr<sup>2+<\/sup>, Al<sup>3+<\/sup>, Zr<sup>4+<\/sup>) na aktywno\u015b\u0107 w katalitycznym spalaniu sadzy)<br><br><strong>Sandra D\u0119biec<\/strong><br><em><span style=\"text-decoration: underline;\">Bachelor&#8217;s Thesis title:<\/span><\/em><br>Optimization of conditions of mass spectrometry measurements to investigate the absorption of plant metabolites on organic silica areogels<br>(Optymalizacja warunk\u00f3w pomiar\u00f3w spektrometrii masowej do badania absorpcji metabolit\u00f3w ro\u015blinnych na aero\u017celach krzemoorganiczych)<br><br>2024<br><strong>Aleksandra Go\u017adzik<\/strong><br><em><span style=\"text-decoration: underline;\">Bachelor&#8217;s Thesis title:<\/span><\/em><br>Optimization of catalyst composition of 15wt.% Ag\/MOx systems for soot combustion<br>(Optymalizacja sk\u0142adu katalizator\u00f3w 15%wag. Ag\/MOx do spalania sadzy)<br><br>2023<br><strong>Sylwia Siennicka<\/strong><br><em><span style=\"text-decoration: underline;\">Bachelor&#8217;s Thesis title:<\/span><\/em><br>Optimization of the conditions for the synthesis of Ag\/Zr<sub>1<\/sub>&#8211;<sub>x<\/sub>Ce<sub>x<\/sub>O<sub>2<\/sub> catalysts for soot\u00a0combustion<br>(Optymalizacja warunk\u00f3w syntezy katalizator\u00f3w Ag\/Zr<sub>1<\/sub>&#8211;<sub>x<\/sub>Ce<sub>x<\/sub>O<sub>2<\/sub> do spalania sadzy)<br><br><\/p>\n<\/div><figure class=\"wp-block-media-text__media\"><\/figure><\/div>\n\n\n\n<div class=\"wp-block-media-text has-media-on-the-right is-stacked-on-mobile\"><div class=\"wp-block-media-text__content\">\n<p>RESEARCH ASSISTANTS<br>SHERIDAN COLLEGE:<br>Alisha Thapar<br>Parneet Kaur<br>Shiney Manchanda<br>Lovepreet Kumari<br><\/p>\n<\/div><figure class=\"wp-block-media-text__media\"><img loading=\"lazy\" decoding=\"async\" width=\"769\" height=\"1024\" src=\"https:\/\/ewaiwa.ch.pw.edu.pl\/wp-content\/uploads\/2024\/11\/2018-08-group-photo-769x1024.jpg\" alt=\"\" class=\"wp-image-1362 size-full\" srcset=\"https:\/\/ewaiwa.ch.pw.edu.pl\/wp-content\/uploads\/2024\/11\/2018-08-group-photo-769x1024.jpg 769w, https:\/\/ewaiwa.ch.pw.edu.pl\/wp-content\/uploads\/2024\/11\/2018-08-group-photo-225x300.jpg 225w, https:\/\/ewaiwa.ch.pw.edu.pl\/wp-content\/uploads\/2024\/11\/2018-08-group-photo-768x1022.jpg 768w, https:\/\/ewaiwa.ch.pw.edu.pl\/wp-content\/uploads\/2024\/11\/2018-08-group-photo-1154x1536.jpg 1154w, https:\/\/ewaiwa.ch.pw.edu.pl\/wp-content\/uploads\/2024\/11\/2018-08-group-photo-1539x2048.jpg 1539w, https:\/\/ewaiwa.ch.pw.edu.pl\/wp-content\/uploads\/2024\/11\/2018-08-group-photo-1568x2087.jpg 1568w, https:\/\/ewaiwa.ch.pw.edu.pl\/wp-content\/uploads\/2024\/11\/2018-08-group-photo-scaled.jpg 1923w\" sizes=\"auto, (max-width: 769px) 100vw, 769px\" \/><\/figure><\/div>\n","protected":false},"excerpt":{"rendered":"<p>STUDENTSWarsaw University of Technology 2026Eng. Monika DatkoMaster&#8217;s Thesis title: Study of the influence of dopant ions on the acid-base properties of the obtained alumina supports(Badanie wp\u0142ywu domieszek obcych jon\u00f3w wprowadzonych do tlenku glinu na w\u0142a\u015bciwo\u015bci kwasowo-zasadowe otrzymanych no\u015bnik\u00f3w ) Alexander MussmannBachelor&#8217;s Thesis title: Optimization of the support composition and gold application method on the catalyst&hellip; <a class=\"more-link\" href=\"https:\/\/ewaiwa.ch.pw.edu.pl\/index.php\/diploma-students-and-research-assistants\/\">Czytaj dalej <span class=\"screen-reader-text\">Diploma Students and Research Assistants<\/span><\/a><\/p>\n","protected":false},"author":2,"featured_media":0,"parent":0,"menu_order":0,"comment_status":"closed","ping_status":"closed","template":"","meta":{"footnotes":""},"class_list":["post-1335","page","type-page","status-publish","hentry","entry"],"_links":{"self":[{"href":"https:\/\/ewaiwa.ch.pw.edu.pl\/index.php\/wp-json\/wp\/v2\/pages\/1335","targetHints":{"allow":["GET"]}}],"collection":[{"href":"https:\/\/ewaiwa.ch.pw.edu.pl\/index.php\/wp-json\/wp\/v2\/pages"}],"about":[{"href":"https:\/\/ewaiwa.ch.pw.edu.pl\/index.php\/wp-json\/wp\/v2\/types\/page"}],"author":[{"embeddable":true,"href":"https:\/\/ewaiwa.ch.pw.edu.pl\/index.php\/wp-json\/wp\/v2\/users\/2"}],"replies":[{"embeddable":true,"href":"https:\/\/ewaiwa.ch.pw.edu.pl\/index.php\/wp-json\/wp\/v2\/comments?post=1335"}],"version-history":[{"count":6,"href":"https:\/\/ewaiwa.ch.pw.edu.pl\/index.php\/wp-json\/wp\/v2\/pages\/1335\/revisions"}],"predecessor-version":[{"id":1445,"href":"https:\/\/ewaiwa.ch.pw.edu.pl\/index.php\/wp-json\/wp\/v2\/pages\/1335\/revisions\/1445"}],"wp:attachment":[{"href":"https:\/\/ewaiwa.ch.pw.edu.pl\/index.php\/wp-json\/wp\/v2\/media?parent=1335"}],"curies":[{"name":"wp","href":"https:\/\/api.w.org\/{rel}","templated":true}]}}