{"id":616,"date":"2022-02-23T16:49:34","date_gmt":"2022-02-23T15:49:34","guid":{"rendered":"https:\/\/ewaiwa.ch.pw.edu.pl\/?page_id=616"},"modified":"2024-10-06T23:08:21","modified_gmt":"2024-10-06T21:08:21","slug":"teaching","status":"publish","type":"page","link":"https:\/\/ewaiwa.ch.pw.edu.pl\/index.php\/teaching\/","title":{"rendered":"Teaching"},"content":{"rendered":"\n<h2 class=\"wp-block-heading\">Laboratorium przedyplomowe -magisterskie i in\u017cynierskie (M.Sc. and B.Sc. Laboratory)<\/h2>\n\n\n\n<figure class=\"wp-block-image size-full\"><a href=\"https:\/\/ewaiwa.ch.pw.edu.pl\/index.php\/diploma-students-and-research-assistants\/\"><img loading=\"lazy\" decoding=\"async\" width=\"894\" height=\"670\" src=\"https:\/\/ewaiwa.ch.pw.edu.pl\/wp-content\/uploads\/2023\/10\/Student_01ag.jpg\" alt=\"\" class=\"wp-image-1140\" srcset=\"https:\/\/ewaiwa.ch.pw.edu.pl\/wp-content\/uploads\/2023\/10\/Student_01ag.jpg 894w, https:\/\/ewaiwa.ch.pw.edu.pl\/wp-content\/uploads\/2023\/10\/Student_01ag-300x225.jpg 300w, https:\/\/ewaiwa.ch.pw.edu.pl\/wp-content\/uploads\/2023\/10\/Student_01ag-768x576.jpg 768w\" sizes=\"auto, (max-width: 894px) 100vw, 894px\" \/><\/a><figcaption class=\"wp-element-caption\">My wonderful graduate student looking at the topography of the samples which she synthesized as part of her Bachelor Thesis studies.<br><span style=\"text-decoration: underline;\"><a href=\"https:\/\/ewaiwa.ch.pw.edu.pl\/index.php\/diploma-students-and-research-assistants\/\">READ MORE&#8230;<\/a><\/span><\/figcaption><\/figure>\n\n\n\n<p>.<\/p>\n\n\n\n<h2 class=\"wp-block-heading\">Technologie Przemys\u0142u Organicznego z Elementami Biotechnologii (TPO-Bio)<\/h2>\n\n\n\n<figure class=\"wp-block-image size-large\"><a href=\"https:\/\/www.mdpi.com\/1996-1944\/17\/1\/226\"><img loading=\"lazy\" decoding=\"async\" width=\"1024\" height=\"737\" src=\"https:\/\/ewaiwa.ch.pw.edu.pl\/wp-content\/uploads\/2023\/08\/Group-picture-2023-1024x737.jpg\" alt=\"\" class=\"wp-image-1056\" srcset=\"https:\/\/ewaiwa.ch.pw.edu.pl\/wp-content\/uploads\/2023\/08\/Group-picture-2023-1024x737.jpg 1024w, https:\/\/ewaiwa.ch.pw.edu.pl\/wp-content\/uploads\/2023\/08\/Group-picture-2023-300x216.jpg 300w, https:\/\/ewaiwa.ch.pw.edu.pl\/wp-content\/uploads\/2023\/08\/Group-picture-2023-768x552.jpg 768w, https:\/\/ewaiwa.ch.pw.edu.pl\/wp-content\/uploads\/2023\/08\/Group-picture-2023-1536x1105.jpg 1536w, https:\/\/ewaiwa.ch.pw.edu.pl\/wp-content\/uploads\/2023\/08\/Group-picture-2023.jpg 1903w\" sizes=\"auto, (max-width: 1024px) 100vw, 1024px\" \/><\/a><figcaption class=\"wp-element-caption\">Having fun in the lab with biomass -turning biomass into biochar for various applications resulted in an interesting paper. <a href=\"https:\/\/www.mdpi.com\/1996-1944\/17\/1\/226\">READ ARTICLE&#8230;<\/a><\/figcaption><\/figure>\n\n\n\n<p>.<\/p>\n\n\n\n<h2 class=\"wp-block-heading\">Laboratorium Wybranych Dzia\u0142\u00f3w Technologii Nieorganicznej<\/h2>\n\n\n\n<figure class=\"wp-block-image size-large\"><img loading=\"lazy\" decoding=\"async\" width=\"768\" height=\"1024\" src=\"https:\/\/ewaiwa.ch.pw.edu.pl\/wp-content\/uploads\/2022\/09\/conference-768x1024.jpg\" alt=\"\" class=\"wp-image-985\" srcset=\"https:\/\/ewaiwa.ch.pw.edu.pl\/wp-content\/uploads\/2022\/09\/conference-768x1024.jpg 768w, https:\/\/ewaiwa.ch.pw.edu.pl\/wp-content\/uploads\/2022\/09\/conference-225x300.jpg 225w, https:\/\/ewaiwa.ch.pw.edu.pl\/wp-content\/uploads\/2022\/09\/conference-1152x1536.jpg 1152w, https:\/\/ewaiwa.ch.pw.edu.pl\/wp-content\/uploads\/2022\/09\/conference-1536x2048.jpg 1536w, https:\/\/ewaiwa.ch.pw.edu.pl\/wp-content\/uploads\/2022\/09\/conference-scaled.jpg 1920w\" sizes=\"auto, (max-width: 768px) 100vw, 768px\" \/><figcaption class=\"wp-element-caption\">Conference fun with the students who synthesized a batch of new catalysts during the 6th semester laboratory.<\/figcaption><\/figure>\n\n\n\n<p>.<\/p>\n\n\n\n<h2 class=\"wp-block-heading\">Laboratorium Technologii Chemicznej (Chemical Technology Laboratory)<\/h2>\n\n\n\n<div data-wp-interactive=\"core\/file\" class=\"wp-block-file\"><object data-wp-bind--hidden=\"!state.hasPdfPreview\" hidden class=\"wp-block-file__embed\" data=\"https:\/\/ewaiwa.ch.pw.edu.pl\/wp-content\/uploads\/2022\/02\/Zastosowania-Analizy-Termicznej-w-Technologii-Chemicznej.pdf\" type=\"application\/pdf\" style=\"width:100%;height:600px\" aria-label=\"Osadzone z Zastosowania-Analizy-Termicznej-w-Technologii-Chemicznej.\"><\/object><a id=\"wp-block-file--media-0a4a339d-14ba-469d-b810-777b44dd6f56\" href=\"https:\/\/ewaiwa.ch.pw.edu.pl\/wp-content\/uploads\/2022\/02\/Zastosowania-Analizy-Termicznej-w-Technologii-Chemicznej.pdf\">Zastosowania-Analizy-Termicznej-w-Technologii-Chemicznej<\/a><a href=\"https:\/\/ewaiwa.ch.pw.edu.pl\/wp-content\/uploads\/2022\/02\/Zastosowania-Analizy-Termicznej-w-Technologii-Chemicznej.pdf\" class=\"wp-block-file__button wp-element-button\" download aria-describedby=\"wp-block-file--media-0a4a339d-14ba-469d-b810-777b44dd6f56\">Pobierz<\/a><\/div>\n\n\n\n<div data-wp-interactive=\"core\/file\" class=\"wp-block-file\"><object data-wp-bind--hidden=\"!state.hasPdfPreview\" hidden class=\"wp-block-file__embed\" data=\"https:\/\/ewaiwa.ch.pw.edu.pl\/wp-content\/uploads\/2022\/11\/Instrukcja-NETZSCH.pdf\" type=\"application\/pdf\" style=\"width:100%;height:600px\" aria-label=\"Osadzone z Instrukcja-NETZSCH.\"><\/object><a id=\"wp-block-file--media-33f586ab-4175-4b1b-821a-466eac83ea5c\" href=\"https:\/\/ewaiwa.ch.pw.edu.pl\/wp-content\/uploads\/2022\/11\/Instrukcja-NETZSCH.pdf\">Instrukcja-NETZSCH<\/a><a href=\"https:\/\/ewaiwa.ch.pw.edu.pl\/wp-content\/uploads\/2022\/11\/Instrukcja-NETZSCH.pdf\" class=\"wp-block-file__button wp-element-button\" download aria-describedby=\"wp-block-file--media-33f586ab-4175-4b1b-821a-466eac83ea5c\">Pobierz<\/a><\/div>\n\n\n\n<h2 class=\"wp-block-heading\">Laboratorium materia\u0142oznawstwa (Materials Science Laboratory<\/h2>\n\n\n\n<div data-wp-interactive=\"core\/file\" class=\"wp-block-file\"><object data-wp-bind--hidden=\"!state.hasPdfPreview\" hidden class=\"wp-block-file__embed\" data=\"https:\/\/ewaiwa.ch.pw.edu.pl\/wp-content\/uploads\/2022\/11\/Preparatyka-katalizatorow-Ag-ZrO2_2022.pdf\" type=\"application\/pdf\" style=\"width:100%;height:600px\" aria-label=\"Osadzone z Preparatyka-katalizatorow-Ag-ZrO2_2022.\"><\/object><a id=\"wp-block-file--media-56c2f2bf-173a-4aa0-bb72-e6a4bf6e1198\" href=\"https:\/\/ewaiwa.ch.pw.edu.pl\/wp-content\/uploads\/2022\/11\/Preparatyka-katalizatorow-Ag-ZrO2_2022.pdf\">Preparatyka-katalizatorow-Ag-ZrO2_2022<\/a><a href=\"https:\/\/ewaiwa.ch.pw.edu.pl\/wp-content\/uploads\/2022\/11\/Preparatyka-katalizatorow-Ag-ZrO2_2022.pdf\" class=\"wp-block-file__button wp-element-button\" download aria-describedby=\"wp-block-file--media-56c2f2bf-173a-4aa0-bb72-e6a4bf6e1198\">Pobierz<\/a><\/div>\n\n\n\n<h2 class=\"wp-block-heading\">Technologia Chemiczna II \u0107wiczenia audytoryjne<\/h2>\n","protected":false},"excerpt":{"rendered":"<p>Laboratorium przedyplomowe -magisterskie i in\u017cynierskie (M.Sc. and B.Sc. Laboratory) . Technologie Przemys\u0142u Organicznego z Elementami Biotechnologii (TPO-Bio) . Laboratorium Wybranych Dzia\u0142\u00f3w Technologii Nieorganicznej . Laboratorium Technologii Chemicznej (Chemical Technology Laboratory) Laboratorium materia\u0142oznawstwa (Materials Science Laboratory Technologia Chemiczna II \u0107wiczenia audytoryjne<\/p>\n","protected":false},"author":2,"featured_media":0,"parent":0,"menu_order":0,"comment_status":"closed","ping_status":"closed","template":"","meta":{"footnotes":""},"class_list":["post-616","page","type-page","status-publish","hentry","entry"],"_links":{"self":[{"href":"https:\/\/ewaiwa.ch.pw.edu.pl\/index.php\/wp-json\/wp\/v2\/pages\/616","targetHints":{"allow":["GET"]}}],"collection":[{"href":"https:\/\/ewaiwa.ch.pw.edu.pl\/index.php\/wp-json\/wp\/v2\/pages"}],"about":[{"href":"https:\/\/ewaiwa.ch.pw.edu.pl\/index.php\/wp-json\/wp\/v2\/types\/page"}],"author":[{"embeddable":true,"href":"https:\/\/ewaiwa.ch.pw.edu.pl\/index.php\/wp-json\/wp\/v2\/users\/2"}],"replies":[{"embeddable":true,"href":"https:\/\/ewaiwa.ch.pw.edu.pl\/index.php\/wp-json\/wp\/v2\/comments?post=616"}],"version-history":[{"count":14,"href":"https:\/\/ewaiwa.ch.pw.edu.pl\/index.php\/wp-json\/wp\/v2\/pages\/616\/revisions"}],"predecessor-version":[{"id":1346,"href":"https:\/\/ewaiwa.ch.pw.edu.pl\/index.php\/wp-json\/wp\/v2\/pages\/616\/revisions\/1346"}],"wp:attachment":[{"href":"https:\/\/ewaiwa.ch.pw.edu.pl\/index.php\/wp-json\/wp\/v2\/media?parent=616"}],"curies":[{"name":"wp","href":"https:\/\/api.w.org\/{rel}","templated":true}]}}